{"id":155,"date":"2021-02-05T08:58:20","date_gmt":"2021-02-05T12:58:20","guid":{"rendered":"https:\/\/avotheme.smartinnovates.com\/demo5-wpbakery\/?page_id=8"},"modified":"2021-09-14T10:54:59","modified_gmt":"2021-09-14T14:54:59","slug":"home5-wpbakery","status":"publish","type":"page","link":"https:\/\/aceam.adventistas.org\/mana\/","title":{"rendered":"In\u00edcio &#8211; ACEAM"},"content":{"rendered":"<p>[vc_section full_width=&#8221;stretch_row_content&#8221; full_height=&#8221;yes&#8221; content_placement=&#8221;middle&#8221; section_pos_relative=&#8221;yes&#8221; css=&#8221;.vc_custom_1631620304302{padding-top: 0px !important;background-image: url(https:\/\/aceam.adventistas.org\/mana\/wp-content\/uploads\/2021\/08\/banner.jpg?id=162) !important;background-position: center !important;background-repeat: no-repeat !important;background-size: cover !important;}&#8221;][vc_row][vc_column][\/vc_column][\/vc_row][vc_row][vc_column][\/vc_column][\/vc_row][\/vc_section][vc_section el_class=&#8221;avo-section-mode1&#8243; css=&#8221;.vc_custom_1629334532805{padding-top: 30px !important;padding-bottom: 50px !important;}&#8221;][vc_row container_max_width=&#8221;1130&#8243;][vc_column width=&#8221;1\/2&#8243; css=&#8221;.vc_custom_1612518978236{padding-right: 15px !important;padding-left: 15px !important;}&#8221;]\r\n\r\n\t<div class=\"avo-title style-1 no\">\r\n\r\n\t\t\t\t<div class=\"animate sub-title\">\r\n\t\t\t<h6>Projeto Man\u00e1<\/h6>\r\n\t\t\t<span><\/span>\r\n\t\t\t<span><\/span>\r\n\t\t\t<span><\/span>\r\n\t\t<\/div>\r\n\t\t\r\n\t\t\t\t<h3 class=\"main-title wow\" data-splitting>Seja Bem-vindo!<\/h3>\r\n\t\t\t\t<p class=\"wow txt\" data-splitting>Voc\u00ea est\u00e1 no site oficial do Man\u00e1 da Associa\u00e7\u00e3o Central Amazonas (ACeAm). Aqui voc\u00ea encontrar\u00e1 todos os dados e Rankings dos distritos da ACeAm atualizados e poder\u00e1 fazer sua assinatura e de toda sua fam\u00edlia. Participe conosco deste minist\u00e9rio. Estude sua li\u00e7\u00e3o e o Esp\u00edrito Santo o conduzir\u00e1.<\/p>\r\n\t\t\t<\/div>\r\n\r\n\r\n\r\n\r\n \r\n\r\n\r\n\r\n[\/vc_column][vc_column width=&#8221;1\/2&#8243; css=&#8221;.vc_custom_1612518988545{padding-right: 15px !important;padding-left: 30px !important;}&#8221;][vc_empty_space height=&#8221;80px&#8221;]\r\n<style>\r\n            #avo-progress-bar-avo6a020535bf66b.avo-progress-bar .skills-box .skill-progress {\r\n            background-color: #00e5ac;\r\n        }\r\n            #avo-progress-bar-avo6a020535bf66b.avo-progress-bar .skills-box .skill-progress .progres {\r\n            background-color: #70e5c8;\r\n        }\r\n        #avo-progress-bar-avo6a020535bf66b.avo-progress-bar .skills-box .skill-progress .progres:after {\r\n            background-color: #70e5c8;\r\n        }\r\n        #avo-progress-bar-avo6a020535bf66b.avo-progress-bar .skills-box .skill-progress .progres:before {\r\n            border-top-color: #70e5c8;\r\n        }\r\n    <\/style>\r\n\r\n\r\n<div id=\"avo-progress-bar-avo6a020535bf66b\" class=\"avo-progress-bar style-1 mode-1  rtl \">\r\n\t<div class=\"skills-box full-width\">\r\n\t    <div class=\"skill-item\">\r\n\t        <h6 class=\"custom-font\">Fa\u00e7a sua assinatura e participe do ranking<\/h6>\r\n\t        <div class=\"skill-progress\">\r\n\t            <div class=\"progres custom-font\" data-value=\"50%\"><\/div>\r\n\t        <\/div>\r\n\t    <\/div>\r\n\t<\/div>\r\n<\/div>\r\n\r\n[vc_empty_space height=&#8221;60px&#8221;][vc_btn title=&#8221;Assine agora&#8221; style=&#8221;outline-custom&#8221; outline_custom_color=&#8221;#06d6ac&#8221; outline_custom_hover_background=&#8221;#4dd6ba&#8221; outline_custom_hover_text=&#8221;#efefef&#8221; align=&#8221;center&#8221; i_icon_fontawesome=&#8221;far fa-hand-point-right&#8221; add_icon=&#8221;true&#8221; link=&#8221;url:https%3A%2F%2Fapi.whatsapp.com%2Fsend%3Fphone%3D5592982481666%26text%3DOl%25C3%25A1%252C%2520tudo%2520bem%253F%2520Vamos%2520efetivar%2520sua%2520assinatura%253F%2520Caso%2520tenha%2520alguma%2520d%25C3%25BAvida%2520pode%2520deixar%2520aqui%2520que%2520j%25C3%25A1%2520retorno%2520o%2520contato.%2520%25F0%259F%2598%2589%2520|target:_blank&#8221;][\/vc_column][\/vc_row][\/vc_section][vc_section full_width=&#8221;stretch_row_content&#8221; css=&#8221;.vc_custom_1630591699847{padding-top: 10px !important;padding-bottom: 100px !important;}&#8221; el_class=&#8221;avo-section-mode1&#8243;][vc_row css=&#8221;.vc_custom_1609618942080{padding-bottom: 70px !important;}&#8221;][vc_column]\r\n\r\n\r\n\r\n\r\n<div class=\"avo-header style-5 text-center\">\r\n    <div class=\"sec-head custom-font\">\r\n        <h6 class=\"custom-font\">Regi\u00f5es da ACeAm<\/h6>\r\n        <h3 class=\"custom-font\">Conhe\u00e7a sua Regi\u00e3o<\/h3>\r\n        <span class=\"tbg text-center\">Conhe\u00e7a sua Regi\u00e3o<\/span>\r\n    <\/div>\r\n<\/div>\r\n \r\n\r\n\r\n\r\n[\/vc_column][\/vc_row][vc_row container_max_width=&#8221;1200&#8243;][vc_column css_animation=&#8221;fadeInLeft&#8221; width=&#8221;1\/3&#8243; css=&#8221;.vc_custom_1611262681897{padding-top: 0px !important;padding-right: 15px !important;padding-bottom: 0px !important;padding-left: 15px !important;}&#8221;]<style>\r\n\t\t\t#avo-info-box-avo6a020535bf8bb .avo-icon {border-style: none;}\r\n    <\/style>\r\n\r\n\r\n\r\n\r\n\r\n\r\n\t<div id=\"avo-info-box-avo6a020535bf8bb\" class=\"info-box style-5 mode-cl1 \">\r\n\t    <div class=\"item-box\">\r\n\t\t\t\t\t\t\t<div class=\"icon info-box-icon\">\r\n\t\t\t\t\t<i class=\"fa fab fa-church\"><\/i>\r\n\t\t\t\t<\/div>\r\n\t\t\t\t        <h6 class=\"info-box-title\">Capital<\/h6>\r\n\t        <p class=\"info-box-text\" >A capital da ACeAM \u00e9 Manaus. Nela encontramos 11.764 membros em 116 igrejas, distribu\u00eddas em 25 distritos.<\/p>\r\n\t    <\/div>\r\n\t<\/div>\r\n\r\n\r\n\r\n[\/vc_column][vc_column css_animation=&#8221;fadeInLeft&#8221; width=&#8221;1\/3&#8243; css=&#8221;.vc_custom_1611262704681{padding-top: 0px !important;padding-right: 15px !important;padding-bottom: 0px !important;padding-left: 15px !important;}&#8221;]<style>\r\n\t\t\t#avo-info-box-avo6a020535bfa5f .avo-icon {border-style: none;}\r\n    <\/style>\r\n\r\n\r\n\r\n\r\n\r\n\r\n\t<div id=\"avo-info-box-avo6a020535bfa5f\" class=\"info-box style-5 mode-cl1 \">\r\n\t    <div class=\"item-box\">\r\n\t\t\t\t\t\t\t<div class=\"icon info-box-icon\">\r\n\t\t\t\t\t<i class=\"fa fab fa-place-of-worship\"><\/i>\r\n\t\t\t\t<\/div>\r\n\t\t\t\t        <h6 class=\"info-box-title\">Regi\u00e3o Metropolitana<\/h6>\r\n\t        <p class=\"info-box-text\" >A Regi\u00e3o Metropolitana de Manaus re\u00fane 13 munic\u00edpios. Nela encontramos 3.309 membros ativos, em 88 igrejas, distribu\u00eddas em 7 distritos.<\/p>\r\n\t    <\/div>\r\n\t<\/div>\r\n\r\n\r\n\r\n[\/vc_column][vc_column css_animation=&#8221;fadeInLeft&#8221; width=&#8221;1\/3&#8243; css=&#8221;.vc_custom_1611262731489{padding-top: 0px !important;padding-right: 15px !important;padding-bottom: 0px !important;padding-left: 15px !important;}&#8221;]<style>\r\n\t\t\t#avo-info-box-avo6a020535bfbbe .avo-icon {border-style: none;}\r\n    <\/style>\r\n\r\n\r\n\r\n\r\n\r\n\r\n\t<div id=\"avo-info-box-avo6a020535bfbbe\" class=\"info-box style-5 mode-cl1 \">\r\n\t    <div class=\"item-box\">\r\n\t\t\t\t\t\t\t<div class=\"icon info-box-icon\">\r\n\t\t\t\t\t<i class=\"fa fab fa-church\"><\/i>\r\n\t\t\t\t<\/div>\r\n\t\t\t\t        <h6 class=\"info-box-title\">Interior<\/h6>\r\n\t        <p class=\"info-box-text\" >O interior do Amazonas possui 8.621 membros em 174 igrejas adventistas, distribu\u00eddas em 16 distritos.<\/p>\r\n\t    <\/div>\r\n\t<\/div>\r\n\r\n\r\n\r\n[\/vc_column][\/vc_row][\/vc_section][vc_section full_width=&#8221;stretch_row_content&#8221; css=&#8221;.vc_custom_1630591709177{padding-top: 20px !important;padding-bottom: 20px !important;}&#8221; el_class=&#8221;avo-section-mode1&#8243;][vc_row container_max_width=&#8221;1130&#8243;][vc_column width=&#8221;1\/4&#8243;]\t<div class=\"avo-counter style-1 \">\r\n\t    <div class=\"item no-bord\">\r\n\t        <span class=\"icon\">\r\n\t            <i class=\"linea-basic-heart\"><\/i>\r\n\t        <\/span>\r\n\t        <h3 class=\"custom-font\"><span class=\"count counter\" data-num=\"15.000\" data-avospeed=\"2000\" data-avosteps=\"40\"> 15.000<\/span><span class=\"suffix\"><\/span><\/h3>\r\n\t        <p class=\"wow txt\" data-splitting>Alvo ACeAm<\/p>\r\n\t    <\/div>\r\n\t<\/div>\r\n[\/vc_column][vc_column width=&#8221;1\/4&#8243;]\t<div class=\"avo-counter style-1 \">\r\n\t    <div class=\"item yes-bord\">\r\n\t        <span class=\"icon\">\r\n\t            <i class=\"linea-basic-case\"><\/i>\r\n\t        <\/span>\r\n\t        <h3 class=\"custom-font\"><span class=\"count counter\" data-num=\"7.298\" data-avospeed=\"2000\" data-avosteps=\"40\"> 7.298<\/span><span class=\"suffix\"><\/span><\/h3>\r\n\t        <p class=\"wow txt\" data-splitting>Alvo Capital<\/p>\r\n\t    <\/div>\r\n\t<\/div>\r\n[\/vc_column][vc_column width=&#8221;1\/4&#8243;]\t<div class=\"avo-counter style-1 \">\r\n\t    <div class=\"item yes-bord\">\r\n\t        <span class=\"icon\">\r\n\t            <i class=\"linea-basic-download\"><\/i>\r\n\t        <\/span>\r\n\t        <h3 class=\"custom-font\"><span class=\"count counter\" data-num=\"2250\" data-avospeed=\"2000\" data-avosteps=\"40\"> 2250<\/span><span class=\"suffix\"><\/span><\/h3>\r\n\t        <p class=\"wow txt\" data-splitting>Alvo Regi\u00e3o Metropolitana<\/p>\r\n\t    <\/div>\r\n\t<\/div>\r\n[\/vc_column][vc_column width=&#8221;1\/4&#8243;]\t<div class=\"avo-counter style-1 \">\r\n\t    <div class=\"item yes-bord\">\r\n\t        <span class=\"icon\">\r\n\t            <i class=\"linea-basic-bookmark\"><\/i>\r\n\t        <\/span>\r\n\t        <h3 class=\"custom-font\"><span class=\"count counter\" data-num=\"6210\" data-avospeed=\"2000\" data-avosteps=\"40\"> 6210<\/span><span class=\"suffix\"><\/span><\/h3>\r\n\t        <p class=\"wow txt\" data-splitting>Alvo Interior<\/p>\r\n\t    <\/div>\r\n\t<\/div>\r\n[\/vc_column][\/vc_row][\/vc_section][vc_section full_width=&#8221;stretch_row_content&#8221; content_placement=&#8221;middle&#8221; section_pos_relative=&#8221;yes&#8221; el_class=&#8221;avo-section-mode1&#8243; css=&#8221;.vc_custom_1630591713960{margin-bottom: 0px !important;padding-top: 0px !important;padding-right: 0px !important;padding-bottom: 0px !important;padding-left: 100px !important;background-color: #11141b !important;background-position: center !important;background-repeat: no-repeat !important;background-size: cover !important;}&#8221; el_id=&#8221;bannerID&#8221;][vc_row content_placement=&#8221;middle&#8221;][vc_column width=&#8221;1\/2&#8243; el_class=&#8221;avo-footer-padding&#8221;][vc_row_inner css=&#8221;.vc_custom_1629340565763{padding-top: 0px !important;padding-bottom: 0px !important;}&#8221;][vc_column_inner css=&#8221;.vc_custom_1610798811482{margin-top: 10px !important;}&#8221;][vc_custom_heading text=&#8221;SIGA TAMB\u00c9M&#8221; font_container=&#8221;tag:h2|font_size:13|text_align:left|color:%23ffffff&#8221; google_fonts=&#8221;font_family:Barlow%20Condensed%3Aregular|font_style:300%20light%20regular%3A300%3Anormal&#8221; position_relative=&#8221;yes&#8221; css=&#8221;.vc_custom_1612262108471{padding-top: 7px !important;padding-right: 7px !important;padding-bottom: 7px !important;padding-left: 7px !important;}&#8221; el_class=&#8221;avo-effect-1&#8243; letter_spacing=&#8221;4&#8243;][\/vc_column_inner][\/vc_row_inner][vc_row_inner][vc_column_inner css=&#8221;.vc_custom_1610729021997{margin-top: 10px !important;}&#8221;]\r\n<style>\r\n            #avo-social-avo6a020535bfcff {\r\n            position: relative;\r\n        }\r\n    <\/style>\r\n\r\n<div id=\"avo-social-avo6a020535bfcff\" class=\"avo_social_icons\">\r\n            <div class=\"social_icon\">\r\n            <a class=\" \" href=\"https:\/\/www.facebook.com\/AdventistasAmazonas%20\" target=\"_blank\" >\r\n                <i class=\"fa fa-facebook\"><\/i>\r\n            <\/a>\r\n        <\/div>\r\n            <div class=\"social_icon\">\r\n            <a class=\" \" href=\"https:\/\/www.youtube.com\/user\/AdventistaACeAm\" target=\"_blank\" >\r\n                <i class=\"fa fab fa-play-circle\"><\/i>\r\n            <\/a>\r\n        <\/div>\r\n            <div class=\"social_icon\">\r\n            <a class=\" \" href=\"https:\/\/www.instagram.com\/AdventistasAmazonas\/%20\" target=\"_blank\" >\r\n                <i class=\"fa fa-instagram\"><\/i>\r\n            <\/a>\r\n        <\/div>\r\n    <\/div>[\/vc_column_inner][\/vc_row_inner][\/vc_column][vc_column width=&#8221;1\/2&#8243; el_class=&#8221;avo-footer-padding2&#8243;][vc_row_inner][vc_column_inner][vc_single_image image=&#8221;15&#8243; img_size=&#8221;80&#215;20&#8243; css=&#8221;.vc_custom_1612515960685{margin-bottom: 30px !important;padding-bottom: 0px !important;}&#8221;][vc_custom_heading text=&#8221;<strong>Email :<\/strong> luana.alencar@adventistas.org&#8221; font_container=&#8221;tag:h2|font_size:16|text_align:left|color:%23ffffff&#8221; google_fonts=&#8221;font_family:Barlow%20Condensed%3Aregular|font_style:300%20light%20regular%3A300%3Anormal&#8221; letter_spacing=&#8221;1&#8243;][vc_custom_heading text=&#8221;<strong>Endere\u00e7o :<\/strong> R. Prof. M\u00e1rciano Armond, 446 &#8211; Adrian\u00f3polis, Manaus &#8211; AM, 69057-030&#8243; font_container=&#8221;tag:h2|font_size:16|text_align:left|color:%23ffffff&#8221; google_fonts=&#8221;font_family:Barlow%20Condensed%3Aregular|font_style:300%20light%20regular%3A300%3Anormal&#8221; letter_spacing=&#8221;1&#8243;][vc_custom_heading text=&#8221;<strong>Telefone :<\/strong> 2125699432&#8243; font_container=&#8221;tag:h2|font_size:16|text_align:left|color:%23ffffff&#8221; google_fonts=&#8221;font_family:Barlow%20Condensed%3Aregular|font_style:300%20light%20regular%3A300%3Anormal&#8221; letter_spacing=&#8221;1&#8243;][\/vc_column_inner][\/vc_row_inner][\/vc_column][\/vc_row][\/vc_section]<\/p>\n","protected":false},"excerpt":{"rendered":"<p>vc_section full_width=&#8221;stretch_row_content&#8221; full_height=&#8221;yes&#8221; content_placement=&#8221;middle&#8221; section_pos_relative=&#8221;yes&#8221; css=&#8221;.vc_custom_1631620304302{padding-top: 0px !important;background-image: url(https:\/\/aceam.adventistas.org\/mana\/wp-content\/uploads\/2021\/08\/banner.jpg?id=162) !important;background-position: center !important;background-repeat: no-repeat !important;background-size: cover !important;}&#8221;vc_rowvc_column\/vc_column\/vc_rowvc_rowvc_column\/vc_column\/vc_row\/vc_sectionvc_section el_class=&#8221;avo-section-mode1&#8243; css=&#8221;.vc_custom_1629334532805{padding-top: 30px !important;padding-bottom: 50px !important;}&#8221;vc_row container_max_width=&#8221;1130&#8243;vc_column width=&#8221;1\/2&#8243; css=&#8221;.vc_custom_1612518978236{padding-right: 15px !important;padding-left: 15px !important;}&#8221;\/vc_columnvc_column width=&#8221;1\/2&#8243; css=&#8221;.vc_custom_1612518988545{padding-right: 15px !important;padding-left: 30px !important;}&#8221;vc_empty_space height=&#8221;80px&#8221;vc_empty_space height=&#8221;60px&#8221;vc_btn title=&#8221;Assine agora&#8221; style=&#8221;outline-custom&#8221; outline_custom_color=&#8221;#06d6ac&#8221; outline_custom_hover_background=&#8221;#4dd6ba&#8221; outline_custom_hover_text=&#8221;#efefef&#8221; align=&#8221;center&#8221; i_icon_fontawesome=&#8221;far fa-hand-point-right&#8221; add_icon=&#8221;true&#8221; link=&#8221;url:https%3A%2F%2Fapi.whatsapp.com%2Fsend%3Fphone%3D5592982481666%26text%3DOl%25C3%25A1%252C%2520tudo%2520bem%253F%2520Vamos%2520efetivar%2520sua%2520assinatura%253F%2520Caso%2520tenha%2520alguma%2520d%25C3%25BAvida%2520pode%2520deixar%2520aqui%2520que%2520j%25C3%25A1%2520retorno%2520o%2520contato.%2520%25F0%259F%2598%2589%2520|target:_blank&#8221;\/vc_column\/vc_row\/vc_sectionvc_section full_width=&#8221;stretch_row_content&#8221; css=&#8221;.vc_custom_1630591699847{padding-top: 10px !important;padding-bottom: 100px !important;}&#8221; el_class=&#8221;avo-section-mode1&#8243;vc_row css=&#8221;.vc_custom_1609618942080{padding-bottom: 70px !important;}&#8221;vc_column\/vc_column\/vc_rowvc_row container_max_width=&#8221;1200&#8243;vc_column css_animation=&#8221;fadeInLeft&#8221; &hellip;<\/p>\n","protected":false},"author":1,"featured_media":0,"parent":0,"menu_order":0,"comment_status":"closed","ping_status":"closed","template":"avo-builder.php","meta":{"footnotes":""},"class_list":["post-155","page","type-page","status-publish","hentry"],"yoast_head":"<!-- This site is optimized with the Yoast SEO plugin v17.2.1 - https:\/\/yoast.com\/wordpress\/plugins\/seo\/ -->\n<title>In\u00edcio - ACEAM - Man\u00e1<\/title>\n<meta name=\"robots\" content=\"index, follow, max-snippet:-1, max-image-preview:large, max-video-preview:-1\" \/>\n<link rel=\"canonical\" href=\"https:\/\/aceam.adventistas.org\/mana\/\" \/>\n<meta property=\"og:locale\" content=\"pt_BR\" \/>\n<meta property=\"og:type\" content=\"article\" \/>\n<meta property=\"og:title\" content=\"In\u00edcio - ACEAM - Man\u00e1\" \/>\n<meta property=\"og:description\" content=\"vc_section full_width=&#8221;stretch_row_content&#8221; full_height=&#8221;yes&#8221; content_placement=&#8221;middle&#8221; section_pos_relative=&#8221;yes&#8221; css=&#8221;.vc_custom_1631620304302{padding-top: 0px !important;background-image: url(https:\/\/aceam.adventistas.org\/mana\/wp-content\/uploads\/2021\/08\/banner.jpg?id=162) !important;background-position: center !important;background-repeat: no-repeat !important;background-size: cover !important;}&#8221;vc_rowvc_column\/vc_column\/vc_rowvc_rowvc_column\/vc_column\/vc_row\/vc_sectionvc_section el_class=&#8221;avo-section-mode1&#8243; css=&#8221;.vc_custom_1629334532805{padding-top: 30px !important;padding-bottom: 50px !important;}&#8221;vc_row container_max_width=&#8221;1130&#8243;vc_column width=&#8221;1\/2&#8243; css=&#8221;.vc_custom_1612518978236{padding-right: 15px !important;padding-left: 15px !important;}&#8221;\/vc_columnvc_column width=&#8221;1\/2&#8243; css=&#8221;.vc_custom_1612518988545{padding-right: 15px !important;padding-left: 30px !important;}&#8221;vc_empty_space height=&#8221;80px&#8221;vc_empty_space height=&#8221;60px&#8221;vc_btn title=&#8221;Assine agora&#8221; style=&#8221;outline-custom&#8221; outline_custom_color=&#8221;#06d6ac&#8221; outline_custom_hover_background=&#8221;#4dd6ba&#8221; outline_custom_hover_text=&#8221;#efefef&#8221; align=&#8221;center&#8221; i_icon_fontawesome=&#8221;far fa-hand-point-right&#8221; add_icon=&#8221;true&#8221; link=&#8221;url:https%3A%2F%2Fapi.whatsapp.com%2Fsend%3Fphone%3D5592982481666%26text%3DOl%25C3%25A1%252C%2520tudo%2520bem%253F%2520Vamos%2520efetivar%2520sua%2520assinatura%253F%2520Caso%2520tenha%2520alguma%2520d%25C3%25BAvida%2520pode%2520deixar%2520aqui%2520que%2520j%25C3%25A1%2520retorno%2520o%2520contato.%2520%25F0%259F%2598%2589%2520|target:_blank&#8221;\/vc_column\/vc_row\/vc_sectionvc_section full_width=&#8221;stretch_row_content&#8221; css=&#8221;.vc_custom_1630591699847{padding-top: 10px !important;padding-bottom: 100px !important;}&#8221; el_class=&#8221;avo-section-mode1&#8243;vc_row css=&#8221;.vc_custom_1609618942080{padding-bottom: 70px !important;}&#8221;vc_column\/vc_column\/vc_rowvc_row container_max_width=&#8221;1200&#8243;vc_column css_animation=&#8221;fadeInLeft&#8221; &hellip;\" \/>\n<meta property=\"og:url\" content=\"https:\/\/aceam.adventistas.org\/mana\/\" \/>\n<meta property=\"og:site_name\" content=\"Man\u00e1\" \/>\n<meta property=\"article:modified_time\" content=\"2021-09-14T14:54:59+00:00\" \/>\n<meta name=\"twitter:card\" content=\"summary_large_image\" \/>\n<meta name=\"twitter:label1\" content=\"Est. tempo de leitura\" \/>\n\t<meta name=\"twitter:data1\" content=\"2 minutos\" \/>\n<script type=\"application\/ld+json\" class=\"yoast-schema-graph\">{\"@context\":\"https:\/\/schema.org\",\"@graph\":[{\"@type\":\"WebSite\",\"@id\":\"https:\/\/aceam.adventistas.org\/mana\/#website\",\"url\":\"https:\/\/aceam.adventistas.org\/mana\/\",\"name\":\"Man\\u00e1\",\"description\":\"Man\\u00e1 - ACEAM\",\"potentialAction\":[{\"@type\":\"SearchAction\",\"target\":{\"@type\":\"EntryPoint\",\"urlTemplate\":\"https:\/\/aceam.adventistas.org\/mana\/?s={search_term_string}\"},\"query-input\":\"required name=search_term_string\"}],\"inLanguage\":\"pt-BR\"},{\"@type\":\"WebPage\",\"@id\":\"https:\/\/aceam.adventistas.org\/mana\/#webpage\",\"url\":\"https:\/\/aceam.adventistas.org\/mana\/\",\"name\":\"In\\u00edcio - ACEAM - Man\\u00e1\",\"isPartOf\":{\"@id\":\"https:\/\/aceam.adventistas.org\/mana\/#website\"},\"datePublished\":\"2021-02-05T12:58:20+00:00\",\"dateModified\":\"2021-09-14T14:54:59+00:00\",\"breadcrumb\":{\"@id\":\"https:\/\/aceam.adventistas.org\/mana\/#breadcrumb\"},\"inLanguage\":\"pt-BR\",\"potentialAction\":[{\"@type\":\"ReadAction\",\"target\":[\"https:\/\/aceam.adventistas.org\/mana\/\"]}]},{\"@type\":\"BreadcrumbList\",\"@id\":\"https:\/\/aceam.adventistas.org\/mana\/#breadcrumb\",\"itemListElement\":[{\"@type\":\"ListItem\",\"position\":1,\"name\":\"In\\u00edcio\",\"item\":\"https:\/\/aceam.adventistas.org\/mana\/\"},{\"@type\":\"ListItem\",\"position\":2,\"name\":\"In\\u00edcio &#8211; ACEAM\"}]}]}<\/script>\n<!-- \/ Yoast SEO plugin. -->","yoast_head_json":{"title":"In\u00edcio - ACEAM - Man\u00e1","robots":{"index":"index","follow":"follow","max-snippet":"max-snippet:-1","max-image-preview":"max-image-preview:large","max-video-preview":"max-video-preview:-1"},"canonical":"https:\/\/aceam.adventistas.org\/mana\/","og_locale":"pt_BR","og_type":"article","og_title":"In\u00edcio - ACEAM - Man\u00e1","og_description":"vc_section full_width=&#8221;stretch_row_content&#8221; full_height=&#8221;yes&#8221; content_placement=&#8221;middle&#8221; section_pos_relative=&#8221;yes&#8221; css=&#8221;.vc_custom_1631620304302{padding-top: 0px !important;background-image: url(https:\/\/aceam.adventistas.org\/mana\/wp-content\/uploads\/2021\/08\/banner.jpg?id=162) !important;background-position: center !important;background-repeat: no-repeat !important;background-size: cover !important;}&#8221;vc_rowvc_column\/vc_column\/vc_rowvc_rowvc_column\/vc_column\/vc_row\/vc_sectionvc_section el_class=&#8221;avo-section-mode1&#8243; css=&#8221;.vc_custom_1629334532805{padding-top: 30px !important;padding-bottom: 50px !important;}&#8221;vc_row container_max_width=&#8221;1130&#8243;vc_column width=&#8221;1\/2&#8243; css=&#8221;.vc_custom_1612518978236{padding-right: 15px !important;padding-left: 15px !important;}&#8221;\/vc_columnvc_column width=&#8221;1\/2&#8243; css=&#8221;.vc_custom_1612518988545{padding-right: 15px !important;padding-left: 30px !important;}&#8221;vc_empty_space height=&#8221;80px&#8221;vc_empty_space height=&#8221;60px&#8221;vc_btn title=&#8221;Assine agora&#8221; style=&#8221;outline-custom&#8221; outline_custom_color=&#8221;#06d6ac&#8221; outline_custom_hover_background=&#8221;#4dd6ba&#8221; outline_custom_hover_text=&#8221;#efefef&#8221; align=&#8221;center&#8221; i_icon_fontawesome=&#8221;far fa-hand-point-right&#8221; add_icon=&#8221;true&#8221; link=&#8221;url:https%3A%2F%2Fapi.whatsapp.com%2Fsend%3Fphone%3D5592982481666%26text%3DOl%25C3%25A1%252C%2520tudo%2520bem%253F%2520Vamos%2520efetivar%2520sua%2520assinatura%253F%2520Caso%2520tenha%2520alguma%2520d%25C3%25BAvida%2520pode%2520deixar%2520aqui%2520que%2520j%25C3%25A1%2520retorno%2520o%2520contato.%2520%25F0%259F%2598%2589%2520|target:_blank&#8221;\/vc_column\/vc_row\/vc_sectionvc_section full_width=&#8221;stretch_row_content&#8221; css=&#8221;.vc_custom_1630591699847{padding-top: 10px !important;padding-bottom: 100px !important;}&#8221; el_class=&#8221;avo-section-mode1&#8243;vc_row css=&#8221;.vc_custom_1609618942080{padding-bottom: 70px !important;}&#8221;vc_column\/vc_column\/vc_rowvc_row container_max_width=&#8221;1200&#8243;vc_column css_animation=&#8221;fadeInLeft&#8221; &hellip;","og_url":"https:\/\/aceam.adventistas.org\/mana\/","og_site_name":"Man\u00e1","article_modified_time":"2021-09-14T14:54:59+00:00","twitter_card":"summary_large_image","twitter_misc":{"Est. tempo de leitura":"2 minutos"},"schema":{"@context":"https:\/\/schema.org","@graph":[{"@type":"WebSite","@id":"https:\/\/aceam.adventistas.org\/mana\/#website","url":"https:\/\/aceam.adventistas.org\/mana\/","name":"Man\u00e1","description":"Man\u00e1 - ACEAM","potentialAction":[{"@type":"SearchAction","target":{"@type":"EntryPoint","urlTemplate":"https:\/\/aceam.adventistas.org\/mana\/?s={search_term_string}"},"query-input":"required name=search_term_string"}],"inLanguage":"pt-BR"},{"@type":"WebPage","@id":"https:\/\/aceam.adventistas.org\/mana\/#webpage","url":"https:\/\/aceam.adventistas.org\/mana\/","name":"In\u00edcio - ACEAM - Man\u00e1","isPartOf":{"@id":"https:\/\/aceam.adventistas.org\/mana\/#website"},"datePublished":"2021-02-05T12:58:20+00:00","dateModified":"2021-09-14T14:54:59+00:00","breadcrumb":{"@id":"https:\/\/aceam.adventistas.org\/mana\/#breadcrumb"},"inLanguage":"pt-BR","potentialAction":[{"@type":"ReadAction","target":["https:\/\/aceam.adventistas.org\/mana\/"]}]},{"@type":"BreadcrumbList","@id":"https:\/\/aceam.adventistas.org\/mana\/#breadcrumb","itemListElement":[{"@type":"ListItem","position":1,"name":"In\u00edcio","item":"https:\/\/aceam.adventistas.org\/mana\/"},{"@type":"ListItem","position":2,"name":"In\u00edcio &#8211; ACEAM"}]}]}},"_links":{"self":[{"href":"https:\/\/aceam.adventistas.org\/mana\/wp-json\/wp\/v2\/pages\/155","targetHints":{"allow":["GET"]}}],"collection":[{"href":"https:\/\/aceam.adventistas.org\/mana\/wp-json\/wp\/v2\/pages"}],"about":[{"href":"https:\/\/aceam.adventistas.org\/mana\/wp-json\/wp\/v2\/types\/page"}],"author":[{"embeddable":true,"href":"https:\/\/aceam.adventistas.org\/mana\/wp-json\/wp\/v2\/users\/1"}],"replies":[{"embeddable":true,"href":"https:\/\/aceam.adventistas.org\/mana\/wp-json\/wp\/v2\/comments?post=155"}],"version-history":[{"count":93,"href":"https:\/\/aceam.adventistas.org\/mana\/wp-json\/wp\/v2\/pages\/155\/revisions"}],"predecessor-version":[{"id":502,"href":"https:\/\/aceam.adventistas.org\/mana\/wp-json\/wp\/v2\/pages\/155\/revisions\/502"}],"wp:attachment":[{"href":"https:\/\/aceam.adventistas.org\/mana\/wp-json\/wp\/v2\/media?parent=155"}],"curies":[{"name":"wp","href":"https:\/\/api.w.org\/{rel}","templated":true}]}}